{"id":51,"date":"2025-03-28T11:34:36","date_gmt":"2025-03-28T10:34:36","guid":{"rendered":"https:\/\/pifs.com.tn\/?page_id=51"},"modified":"2025-03-28T17:51:29","modified_gmt":"2025-03-28T16:51:29","slug":"maintenance-informatique","status":"publish","type":"page","link":"https:\/\/pifs.com.tn\/index.php\/maintenance-informatique\/","title":{"rendered":"Maintenance Informatique"},"content":{"rendered":"\n<p><\/p>\n\n\n\n<ul class=\"wp-block-list\">\n<li>Diagnostic et r\u00e9solution des pannes mat\u00e9rielles et logicielles<\/li>\n\n\n\n<li>R\u00e9paration et optimisation des performances des PC et serveurs<\/li>\n\n\n\n<li>Suppression des virus et renforcement de la cybers\u00e9curit\u00e9<\/li>\n\n\n\n<li>Assistance sur site ou \u00e0 distance (t\u00e9l\u00e9maintenance<\/li>\n<\/ul>\n\n\n\n<p><\/p>\n","protected":false},"excerpt":{"rendered":"","protected":false},"author":1,"featured_media":0,"parent":0,"menu_order":0,"comment_status":"closed","ping_status":"closed","template":"","meta":{"footnotes":""},"class_list":["post-51","page","type-page","status-publish","hentry"],"_links":{"self":[{"href":"https:\/\/pifs.com.tn\/index.php\/wp-json\/wp\/v2\/pages\/51","targetHints":{"allow":["GET"]}}],"collection":[{"href":"https:\/\/pifs.com.tn\/index.php\/wp-json\/wp\/v2\/pages"}],"about":[{"href":"https:\/\/pifs.com.tn\/index.php\/wp-json\/wp\/v2\/types\/page"}],"author":[{"embeddable":true,"href":"https:\/\/pifs.com.tn\/index.php\/wp-json\/wp\/v2\/users\/1"}],"replies":[{"embeddable":true,"href":"https:\/\/pifs.com.tn\/index.php\/wp-json\/wp\/v2\/comments?post=51"}],"version-history":[{"count":3,"href":"https:\/\/pifs.com.tn\/index.php\/wp-json\/wp\/v2\/pages\/51\/revisions"}],"predecessor-version":[{"id":70,"href":"https:\/\/pifs.com.tn\/index.php\/wp-json\/wp\/v2\/pages\/51\/revisions\/70"}],"wp:attachment":[{"href":"https:\/\/pifs.com.tn\/index.php\/wp-json\/wp\/v2\/media?parent=51"}],"curies":[{"name":"wp","href":"https:\/\/api.w.org\/{rel}","templated":true}]}}