{"id":40,"date":"2025-03-28T11:23:04","date_gmt":"2025-03-28T10:23:04","guid":{"rendered":"https:\/\/pifs.com.tn\/?page_id=40"},"modified":"2025-03-28T11:31:25","modified_gmt":"2025-03-28T10:31:25","slug":"presentation","status":"publish","type":"page","link":"https:\/\/pifs.com.tn\/index.php\/presentation\/","title":{"rendered":"Pr\u00e9sentation"},"content":{"rendered":"\n<p>P\u00f4le Informatique Formation et Services est une entreprise dynamique fond\u00e9e en 2005 qui offre \u00e0 ses clients des services \u00e0 haute valeur ajout\u00e9e en mati\u00e8re de technologies de l&rsquo;information. P.I.F.S. est sp\u00e9cialis\u00e9e dans le :<br>\u2022 Administration des syst\u00e8mes et r\u00e9seaux : D\u00e9ploiement, installation, configuration, Exploitation et maintenance de r\u00e9seaux locaux (LAN) et distants (WAN).<br>\u2022 l&rsquo;ing\u00e9nierie de syst\u00e8me d&rsquo;information (Internet\/ intranet \/extranet),<br>\u2022 l&rsquo;infog\u00e9rance (supervision administration r\u00e9seau et BD \u00e0 distance)<br>\u2022 vente et maintenance mat\u00e9riels informatiques et bureautique.<br>\u2022 Formation professionnel.<br>\u2022 D\u00e9veloppement logiciel et site web.<br>\u2022 Syst\u00e8me d\u2019alarme et vid\u00e9osurveillance.<br><\/p>\n","protected":false},"excerpt":{"rendered":"<p>P\u00f4le Informatique Formation et Services est une entreprise dynamique fond\u00e9e en 2005 qui offre \u00e0 ses clients des services \u00e0 haute valeur ajout\u00e9e en mati\u00e8re de technologies de l&rsquo;information. P.I.F.S. &#8230;<\/p>\n","protected":false},"author":1,"featured_media":19,"parent":0,"menu_order":0,"comment_status":"closed","ping_status":"closed","template":"","meta":{"footnotes":""},"class_list":["post-40","page","type-page","status-publish","has-post-thumbnail","hentry"],"_links":{"self":[{"href":"https:\/\/pifs.com.tn\/index.php\/wp-json\/wp\/v2\/pages\/40","targetHints":{"allow":["GET"]}}],"collection":[{"href":"https:\/\/pifs.com.tn\/index.php\/wp-json\/wp\/v2\/pages"}],"about":[{"href":"https:\/\/pifs.com.tn\/index.php\/wp-json\/wp\/v2\/types\/page"}],"author":[{"embeddable":true,"href":"https:\/\/pifs.com.tn\/index.php\/wp-json\/wp\/v2\/users\/1"}],"replies":[{"embeddable":true,"href":"https:\/\/pifs.com.tn\/index.php\/wp-json\/wp\/v2\/comments?post=40"}],"version-history":[{"count":4,"href":"https:\/\/pifs.com.tn\/index.php\/wp-json\/wp\/v2\/pages\/40\/revisions"}],"predecessor-version":[{"id":50,"href":"https:\/\/pifs.com.tn\/index.php\/wp-json\/wp\/v2\/pages\/40\/revisions\/50"}],"wp:featuredmedia":[{"embeddable":true,"href":"https:\/\/pifs.com.tn\/index.php\/wp-json\/wp\/v2\/media\/19"}],"wp:attachment":[{"href":"https:\/\/pifs.com.tn\/index.php\/wp-json\/wp\/v2\/media?parent=40"}],"curies":[{"name":"wp","href":"https:\/\/api.w.org\/{rel}","templated":true}]}}